{"id":869,"date":"2018-02-02T11:26:18","date_gmt":"2018-02-02T10:26:18","guid":{"rendered":"https:\/\/www.effloresens.fr\/business\/?page_id=869"},"modified":"2020-07-30T09:05:07","modified_gmt":"2020-07-30T08:05:07","slug":"mooc","status":"publish","type":"page","link":"https:\/\/www.effloresens.fr\/business\/nos-produits\/mooc\/","title":{"rendered":"MOOC"},"content":{"rendered":"<p>[et_pb_section fb_built=&#8221;1&#8243; custom_padding_last_edited=&#8221;on|desktop&#8221; _builder_version=&#8221;3.22.3&#8243; background_image=&#8221;https:\/\/www.effloresens.fr\/business\/wp-content\/uploads\/Dragonflyinultraslowmotion.jpg&#8221; background_video_mp4=&#8221;https:\/\/www.effloresens.fr\/business\/wp-content\/uploads\/Dragonflyinultraslowmotion.mp4&#8243; background_video_webm=&#8221;https:\/\/www.effloresens.fr\/business\/wp-content\/uploads\/Dragonflyinultraslowmotion.webm&#8221; background_video_width=&#8221;1280&#8243; background_video_height=&#8221;800&#8243; custom_padding_tablet=&#8221;50px|0|50px|0&#8243; custom_padding_phone=&#8221;&#8221; transparent_background=&#8221;off&#8221; padding_mobile=&#8221;off&#8221;][et_pb_row padding_mobile=&#8221;off&#8221; column_padding_mobile=&#8221;on&#8221; _builder_version=&#8221;3.25&#8243;][et_pb_column type=&#8221;4_4&#8243; _builder_version=&#8221;3.25&#8243; custom_padding=&#8221;|||&#8221; custom_padding__hover=&#8221;|||&#8221;][et_pb_text _builder_version=&#8221;3.27.4&#8243; use_border_color=&#8221;off&#8221;]<\/p>\n<h1 style=\"text-align: center;\"><span style=\"color: #ffffff;\">MOOC &#8211; Solution compl\u00e8te de production et de diffusion de contenu p\u00e9dagogique<\/span><\/h1>\n<p>[\/et_pb_text][\/et_pb_column][\/et_pb_row][\/et_pb_section][et_pb_section fb_built=&#8221;1&#8243; _builder_version=&#8221;3.22.3&#8243;][et_pb_row _builder_version=&#8221;3.25&#8243; background_size=&#8221;initial&#8221; background_position=&#8221;top_left&#8221; background_repeat=&#8221;repeat&#8221;][et_pb_column type=&#8221;4_4&#8243; _builder_version=&#8221;3.25&#8243; custom_padding=&#8221;|||&#8221; custom_padding__hover=&#8221;|||&#8221;][et_pb_text _builder_version=&#8221;4.5.1&#8243;]<\/p>\n<h4>Nous vous accompagnons \u00e0 fabriquer votre parcours de digital learning \u00e0 destination de vos apprenants.<\/h4>\n<p>[\/et_pb_text][\/et_pb_column][\/et_pb_row][et_pb_row column_structure=&#8221;3_5,2_5&#8243; _builder_version=&#8221;3.25&#8243; background_size=&#8221;initial&#8221; background_position=&#8221;top_left&#8221; background_repeat=&#8221;repeat&#8221;][et_pb_column type=&#8221;3_5&#8243; _builder_version=&#8221;3.25&#8243; custom_padding=&#8221;|||&#8221; custom_padding__hover=&#8221;|||&#8221;][et_pb_text _builder_version=&#8221;4.5.1&#8243;]<\/p>\n<h4>Ce parcours peut prendre des formes diverses :<\/h4>\n<ul>\n<li>la cr\u00e9ation d&#8217;un <em>MOOC<\/em> (Massive Open Online Course)<\/li>\n<li>la cr\u00e9ation d\u2019un <em>SPOC<\/em> (Small Private Online Course)<\/li>\n<li>la cr\u00e9ation d\u2019un module <em>E-Learning\u00a0<\/em>(sur-mesure)<\/li>\n<li>la cr\u00e9ation d&#8217;un parcours <em>blending<\/em><\/li>\n<\/ul>\n<p>[\/et_pb_text][\/et_pb_column][et_pb_column type=&#8221;2_5&#8243; _builder_version=&#8221;3.25&#8243; custom_padding=&#8221;|||&#8221; custom_padding__hover=&#8221;|||&#8221;][et_pb_image src=&#8221;https:\/\/www.effloresens.fr\/business\/wp-content\/uploads\/ico-optimization.png&#8221; align_tablet=&#8221;center&#8221; align_phone=&#8221;&#8221; align_last_edited=&#8221;on|desktop&#8221; _builder_version=&#8221;3.23&#8243;][\/et_pb_image][\/et_pb_column][\/et_pb_row][et_pb_row _builder_version=&#8221;3.25&#8243; background_size=&#8221;initial&#8221; background_position=&#8221;top_left&#8221; background_repeat=&#8221;repeat&#8221;][et_pb_column type=&#8221;4_4&#8243; _builder_version=&#8221;3.25&#8243; custom_padding=&#8221;|||&#8221; custom_padding__hover=&#8221;|||&#8221;][et_pb_text _builder_version=&#8221;3.27.4&#8243;]<\/p>\n<h4>Gr\u00e2ce \u00e0 nos nombreuses solutions de diffusions, nous vous accompagnons \u00e0 la production et de diffusion de contenu p\u00e9dagogique.<\/h4>\n<h4>De nombreuses options sociales et ludiques disponibles pour dynamiser vos savoirs.<\/h4>\n<p>[\/et_pb_text][et_pb_text _builder_version=&#8221;4.5.1&#8243; hover_enabled=&#8221;0&#8243;]<\/p>\n<p><strong><span style=\"font-size: 14px;\">Cr\u00e9ez et vendez facilement des cours, r\u00e9pondez \u00e0 des quiz, attribuez des certificats, g\u00e9rez les utilisateurs, t\u00e9l\u00e9chargez des rapports et bien plus encore! En utilisant notre solution, vous avez acc\u00e8s aux derni\u00e8res tendances du secteur de l&#8217;apprentissage en ligne pour cr\u00e9er des exp\u00e9riences d&#8217;apprentissage robustes.<\/span><\/strong><\/p>\n<p><span style=\"text-decoration: underline;\">Liste exhaustive des fonctionnalit\u00e9s :<\/span><\/p>\n<p><strong>CONTROL ENROLLMENT :<\/strong> Fixer un prix de cours, le rendre gratuit, priv\u00e9 ou r\u00e9serv\u00e9 aux membres.<\/p>\n<p><strong>CREATE USER GROUPS :<\/strong> Regroupez les apprenants et assignez un chef de groupe pour g\u00e9rer leurs progr\u00e8s.<\/p>\n<p><strong>MANAGE LEARNER PROGRESS :<\/strong> D\u00e9finir le parcours d&#8217;apprentissage, marquer les t\u00e2ches termin\u00e9es et examiner les soumissions.<\/p>\n<p><strong>COMMUNICATE CLEARLY :<\/strong> Envoyer des messages sp\u00e9cifiques au cours et des notifications automatiques par courrier \u00e9lectronique.<\/p>\n<p><strong>LESSON TIMERS :<\/strong> Vous ne voulez pas que vos apprenants passent \u00e0 l\u2019avance? Vous pouvez les emp\u00eacher de suivre vos cours trop rapidement en r\u00e9glant simplement une minuterie de le\u00e7on. Lorsque l&#8217;horloge atteint \u00abz\u00e9ro\u00bb, les apprenants sont ensuite autoris\u00e9s \u00e0 passer \u00e0 la le\u00e7on suivante..<\/p>\n<p><strong>DRIP-FEED CONTENT :<\/strong> Diffusez toutes vos le\u00e7ons en une fois ou choisissez de les diffuser au fil du temps (programme) pendant une dur\u00e9e d\u00e9termin\u00e9e, pour une exp\u00e9rience d\u2019apprentissage guid\u00e9e. Vous avez deux options principales pour programmer vos le\u00e7ons: &#8220;&#8221; X jours &#8220;apr\u00e8s l&#8217;inscription&#8221; ou &#8220;Date sp\u00e9cifique&#8221;.<\/p>\n<p><strong>FLEXIBLE PREREQUISITES :<\/strong> Vous pouvez d\u00e9terminer quels cours doivent \u00eatre suivis et dans quel ordre. Cr\u00e9ez un parcours d\u2019enseignement guid\u00e9 ou donnez aux apprenants la possibilit\u00e9 de choisir les cours qu\u2019ils suivent..<\/p>\n<p><strong>ADVANCED QUIZZING :<\/strong> vous pouvez choisir parmi huit types de questions diff\u00e9rents :<\/p>\n<ul>\n<li>Questions \u00e0 r\u00e9ponse unique, \u00e0 choix multiples, tri, correspondance, questions \u00e0 compl\u00e9ter, texte libre, enqu\u00eate et r\u00e9daction, toutes prises en charge.<\/li>\n<li>Afficher des messages personnalis\u00e9s en fonction des performances du questionnaire.<\/li>\n<li>Appliquer des minuteries de questionnaires et utiliser des banques de questions.<\/li>\n<li>S\u00e9lectionnez n&#8217;importe quel type de m\u00e9dia dans les options de questions et r\u00e9ponses.<\/li>\n<\/ul>\n<p><strong>COURSE POINTS et CERTIFICATES &amp; BADGE :<\/strong> Attribuez des certificats officiels en fonction des performances du quiz, de la r\u00e9alisation d&#8217;un cours ou des deux! Les certificats peuvent \u00eatre personnalis\u00e9s \u00e0 100% et prennent en charge la g\u00e9n\u00e9ration de donn\u00e9es dynamiques.<\/p>\n<p><strong>GAMIFICATION :<\/strong> Ajouter des outils pour challenger vos candidats, avec un syst\u00e8me de notation sur des actions pr\u00e9cises (connexion, r\u00e9ussite aux quiz, &#8230;)<\/p>\n<p><strong>ADAPTATIVE LEARNING :<\/strong> d\u00e9bloquer un avancement sur-mesure \u00e0 vos candidats pour adapter la formation \u00e0 leur niveau.<\/p>\n<p><strong>COMPLETE DESIGN CUSTOMIZATION :<\/strong> Gr\u00e2ce \u00e0 notre directeur artistique, nous pouvons vous cr\u00e9er un MOOC qui vous ressemble.<\/p>\n<p>[\/et_pb_text][et_pb_button button_url=&#8221;https:\/\/www.effloresens.fr\/business\/catalogue-des-activites\/&#8221; button_text=&#8221;Voir les activit\u00e9s disponibles&#8221; button_alignment=&#8221;center&#8221; _builder_version=&#8221;3.19.11&#8243; custom_css_main_element=&#8221;width:100%;max-width:500px;&#8221;][\/et_pb_button][et_pb_button button_url=&#8221;https:\/\/www.effloresens.fr\/business\/nos-produits\/mooc-galerie\/&#8221; button_text=&#8221;Aper\u00e7u des MOOC et de leurs fonctionnalit\u00e9s&#8221; button_alignment=&#8221;center&#8221; _builder_version=&#8221;3.19.11&#8243; custom_css_main_element=&#8221;width:100%;max-width:500px;&#8221;][\/et_pb_button][\/et_pb_column][\/et_pb_row][\/et_pb_section][et_pb_section fb_built=&#8221;1&#8243; custom_padding_last_edited=&#8221;on|desktop&#8221; _builder_version=&#8221;3.22.3&#8243; background_image=&#8221;https:\/\/www.effloresens.fr\/business\/wp-content\/uploads\/2016\/05\/Elegant_Background-8.jpg&#8221; custom_padding_tablet=&#8221;50px|0|50px|0&#8243; custom_padding_phone=&#8221;&#8221; transparent_background=&#8221;off&#8221; padding_mobile=&#8221;off&#8221;][et_pb_row _builder_version=&#8221;3.25&#8243; background_size=&#8221;initial&#8221; background_position=&#8221;top_left&#8221; background_repeat=&#8221;repeat&#8221;][et_pb_column type=&#8221;4_4&#8243; _builder_version=&#8221;3.25&#8243; custom_padding=&#8221;|||&#8221; custom_padding__hover=&#8221;|||&#8221;][et_pb_button button_url=&#8221;https:\/\/www.effloresens.fr\/business\/nos-produits\/&#8221; button_text=&#8221;En savoir plus sur nos produits&#8221; button_alignment=&#8221;center&#8221; _builder_version=&#8221;3.17.2&#8243; button_letter_spacing_hover=&#8221;0&#8243;][\/et_pb_button][\/et_pb_column][\/et_pb_row][\/et_pb_section]<\/p>\n","protected":false},"excerpt":{"rendered":"<p>MOOC &#8211; Solution compl\u00e8te de production et de diffusion de contenu p\u00e9dagogique Nous vous accompagnons \u00e0 fabriquer votre parcours de digital learning \u00e0 destination de vos apprenants. Ce parcours peut prendre des formes diverses : la cr\u00e9ation d&#8217;un MOOC (Massive Open Online Course) la cr\u00e9ation d\u2019un SPOC (Small Private Online Course) la cr\u00e9ation d\u2019un module [&hellip;]<\/p>\n","protected":false},"author":1,"featured_media":0,"parent":398,"menu_order":4,"comment_status":"closed","ping_status":"closed","template":"","meta":{"_et_pb_use_builder":"on","_et_pb_old_content":"","_et_gb_content_width":"","footnotes":""},"categories":[],"tags":[],"class_list":["post-869","page","type-page","status-publish","hentry"],"_links":{"self":[{"href":"https:\/\/www.effloresens.fr\/business\/wp-json\/wp\/v2\/pages\/869","targetHints":{"allow":["GET"]}}],"collection":[{"href":"https:\/\/www.effloresens.fr\/business\/wp-json\/wp\/v2\/pages"}],"about":[{"href":"https:\/\/www.effloresens.fr\/business\/wp-json\/wp\/v2\/types\/page"}],"author":[{"embeddable":true,"href":"https:\/\/www.effloresens.fr\/business\/wp-json\/wp\/v2\/users\/1"}],"replies":[{"embeddable":true,"href":"https:\/\/www.effloresens.fr\/business\/wp-json\/wp\/v2\/comments?post=869"}],"version-history":[{"count":5,"href":"https:\/\/www.effloresens.fr\/business\/wp-json\/wp\/v2\/pages\/869\/revisions"}],"predecessor-version":[{"id":2060,"href":"https:\/\/www.effloresens.fr\/business\/wp-json\/wp\/v2\/pages\/869\/revisions\/2060"}],"up":[{"embeddable":true,"href":"https:\/\/www.effloresens.fr\/business\/wp-json\/wp\/v2\/pages\/398"}],"wp:attachment":[{"href":"https:\/\/www.effloresens.fr\/business\/wp-json\/wp\/v2\/media?parent=869"}],"wp:term":[{"taxonomy":"category","embeddable":true,"href":"https:\/\/www.effloresens.fr\/business\/wp-json\/wp\/v2\/categories?post=869"},{"taxonomy":"post_tag","embeddable":true,"href":"https:\/\/www.effloresens.fr\/business\/wp-json\/wp\/v2\/tags?post=869"}],"curies":[{"name":"wp","href":"https:\/\/api.w.org\/{rel}","templated":true}]}}