{"id":352,"date":"2016-05-10T17:46:41","date_gmt":"2016-05-10T16:46:41","guid":{"rendered":"https:\/\/www.effloresens.fr\/business\/?page_id=352"},"modified":"2021-10-09T18:03:26","modified_gmt":"2021-10-09T17:03:26","slug":"gpec","status":"publish","type":"page","link":"https:\/\/www.effloresens.fr\/business\/nos-produits\/gpec\/","title":{"rendered":"GPEC"},"content":{"rendered":"<p>[et_pb_section fb_built=&#8221;1&#8243; custom_padding_last_edited=&#8221;on|desktop&#8221; _builder_version=&#8221;3.22&#8243; background_image=&#8221;https:\/\/www.effloresens.fr\/business\/wp-content\/uploads\/Dragonflyinultraslowmotion.jpg&#8221; background_video_mp4=&#8221;https:\/\/www.effloresens.fr\/business\/wp-content\/uploads\/Dragonflyinultraslowmotion.mp4&#8243; background_video_webm=&#8221;https:\/\/www.effloresens.fr\/business\/wp-content\/uploads\/Dragonflyinultraslowmotion.webm&#8221; background_video_width=&#8221;1280&#8243; background_video_height=&#8221;800&#8243; custom_padding_tablet=&#8221;50px|0|50px|0&#8243; custom_padding_phone=&#8221;&#8221; transparent_background=&#8221;off&#8221; padding_mobile=&#8221;off&#8221; make_fullwidth=&#8221;off&#8221; use_custom_width=&#8221;off&#8221; width_unit=&#8221;on&#8221; custom_width_px=&#8221;1080px&#8221; custom_width_percent=&#8221;80%&#8221; global_colors_info=&#8221;{}&#8221;][et_pb_row padding_mobile=&#8221;off&#8221; column_padding_mobile=&#8221;on&#8221; _builder_version=&#8221;3.25&#8243; background_size=&#8221;initial&#8221; background_position=&#8221;top_left&#8221; background_repeat=&#8221;repeat&#8221; make_fullwidth=&#8221;off&#8221; use_custom_width=&#8221;off&#8221; width_unit=&#8221;off&#8221; custom_width_px=&#8221;1080px&#8221; custom_width_percent=&#8221;80%&#8221; global_colors_info=&#8221;{}&#8221;][et_pb_column type=&#8221;4_4&#8243; _builder_version=&#8221;3.25&#8243; custom_padding=&#8221;|||&#8221; global_colors_info=&#8221;{}&#8221; custom_padding__hover=&#8221;|||&#8221;][et_pb_text _builder_version=&#8221;3.27.4&#8243; background_size=&#8221;initial&#8221; background_position=&#8221;top_left&#8221; background_repeat=&#8221;repeat&#8221; use_border_color=&#8221;off&#8221; border_style=&#8221;solid&#8221; global_colors_info=&#8221;{}&#8221;]<\/p>\n<h1 style=\"text-align: center;\"><span style=\"color: #ffffff;\">GPEC 360\u00b0 : Outils en ligne d\u2019\u00e9valuation 360 degr\u00e9s<\/span><\/h1>\n<p>[\/et_pb_text][\/et_pb_column][\/et_pb_row][\/et_pb_section][et_pb_section fb_built=&#8221;1&#8243; custom_padding_last_edited=&#8221;on|desktop&#8221; _builder_version=&#8221;3.22&#8243; background_color=&#8221;rgba(255,255,255,0)&#8221; custom_padding_tablet=&#8221;50px|0|50px|0&#8243; custom_padding_phone=&#8221;&#8221; transparent_background=&#8221;on&#8221; padding_mobile=&#8221;off&#8221; make_fullwidth=&#8221;off&#8221; use_custom_width=&#8221;off&#8221; width_unit=&#8221;on&#8221; custom_width_px=&#8221;1080px&#8221; custom_width_percent=&#8221;80%&#8221; global_colors_info=&#8221;{}&#8221;][et_pb_row _builder_version=&#8221;3.25&#8243; background_size=&#8221;initial&#8221; background_position=&#8221;top_left&#8221; background_repeat=&#8221;repeat&#8221; make_fullwidth=&#8221;off&#8221; use_custom_width=&#8221;off&#8221; width_unit=&#8221;off&#8221; custom_width_px=&#8221;1080px&#8221; custom_width_percent=&#8221;80%&#8221; global_colors_info=&#8221;{}&#8221;][et_pb_column type=&#8221;4_4&#8243; _builder_version=&#8221;3.25&#8243; custom_padding=&#8221;|||&#8221; global_colors_info=&#8221;{}&#8221; custom_padding__hover=&#8221;|||&#8221;][et_pb_text _builder_version=&#8221;3.27.4&#8243; background_size=&#8221;initial&#8221; background_position=&#8221;top_left&#8221; background_repeat=&#8221;repeat&#8221; use_border_color=&#8221;off&#8221; border_style=&#8221;solid&#8221; global_colors_info=&#8221;{}&#8221;]<\/p>\n<h3 style=\"text-align: justify;\">Le <em>GPEC 360\u00b0<\/em> est une m\u00e9thode con\u00e7ue pour \u00e9valuer les comp\u00e9tences d\u2019un collaborateur ou d&#8217;un groupe de collaborateur. Cette approche multi-vues donne un v\u00e9ritable \u00e9clairage sur les comp\u00e9tences des personnes \u00e9valu\u00e9es et permet de d\u00e9clencher des actions.<\/h3>\n<p>[\/et_pb_text][et_pb_image src=&#8221;https:\/\/www.effloresens.fr\/business\/wp-content\/uploads\/ico-network.png&#8221; align=&#8221;center&#8221; align_tablet=&#8221;center&#8221; align_phone=&#8221;&#8221; align_last_edited=&#8221;on|desktop&#8221; _builder_version=&#8221;3.23&#8243; use_border_color=&#8221;off&#8221; border_color=&#8221;#ffffff&#8221; border_width=&#8221;1px&#8221; border_style=&#8221;solid&#8221; animation=&#8221;off&#8221; sticky=&#8221;off&#8221; always_center_on_mobile=&#8221;on&#8221; global_colors_info=&#8221;{}&#8221;]<br \/>\n[\/et_pb_image][et_pb_text _builder_version=&#8221;3.27.4&#8243; background_size=&#8221;initial&#8221; background_position=&#8221;top_left&#8221; background_repeat=&#8221;repeat&#8221; use_border_color=&#8221;off&#8221; global_colors_info=&#8221;{}&#8221;]<\/p>\n<h4>Notre outil <em>GPEC 360\u00b0<\/em> est un outil en ligne d\u2019analyse des pratiques professionnelles qui va vous permettre d\u2019agir sur diff\u00e9rents points de votre organisation tel que :<\/h4>\n<ul>\n<li>La formation<\/li>\n<li>Identifier imm\u00e9diatement les axes de progr\u00e8s prioritaires individuels<\/li>\n<li>Contribuer \u00e0 la cr\u00e9ation un programme de formation collectif<\/li>\n<li>Le coaching<\/li>\n<li>Aide \u00e0 la conduite de changement<\/li>\n<li>Aide \u00e0 l\u2019analyse et pr\u00e9vention des situations de difficult\u00e9s<\/li>\n<li>Le d\u00e9veloppement personnel<\/li>\n<li>Initier une r\u00e9flexion sur l&#8217;\u00e9volution de carri\u00e8re<\/li>\n<li>Pr\u00e9parer \u00e0 une prise de fonction<\/li>\n<\/ul>\n<h4>Le processus d&#8217;\u00e9valuation est constitu\u00e9 des \u00e9tapes suivante :<\/h4>\n<ul>\n<li>Des questionnaires d\u2019\u00e9valuation \/ r\u00e9f\u00e9rentiels m\u00e9tier sont cr\u00e9\u00e9s de mani\u00e8re simple et intuitive (R\u00e9f\u00e9rentiel m\u00e9tier au format Excel)<\/li>\n<li>Le collaborateur s&#8217;\u00e9value lui-m\u00eame en remplissant le questionnaire d\u2019\u00e9valuation<\/li>\n<li>Un questionnaire semblable est soumis aux autres candidats\u00a0impliqu\u00e9s dans le processus d\u2019\u00e9valuation\u00a0(hi\u00e9rarchies, pairs, collaborateurs,\u00a0&#8230;)<\/li>\n<li>L\u2019outil g\u00e9n\u00e8re des rapports et statistiques pour permettre une analyse, fine des\u00a0discussions et des choix sur les plans d&#8217;actions et de d\u00e9veloppement du collaborateur ou d\u2019un groupe de collaborateur<\/li>\n<\/ul>\n<h4>Information :<\/h4>\n<ul>\n<li>Gestion de r\u00e9f\u00e9rentiel multi-langue pour permettre des rapports multi-pays<\/li>\n<li>Personnalisation graphique pour coller \u00e0 la charte graphique de votre entreprise<\/li>\n<li>Nombreuses options pour param\u00e9trer les questionnaires\u00a0suivant les besoins sp\u00e9cifiques de chaque candidat<\/li>\n<li>\u00c9volution sur-mesure pour permettre une configuration et analyse fine par rapport \u00e0 vos besoins<\/li>\n<li><strong><span style=\"color: #993300;\">NOUVEAU : Compatible LMS : SCORM et xAPI<\/span><\/strong><\/li>\n<\/ul>\n<h4>Client r\u00e9f\u00e9rence :<\/h4>\n<ul>\n<li>Oasys<\/li>\n<li>La Poste<\/li>\n<li>ACM Interactif<\/li>\n<li>SEFI Formation<\/li>\n<li>Effloresens<\/li>\n<\/ul>\n<p>[\/et_pb_text][et_pb_button button_url=&#8221;https:\/\/www.effloresens.fr\/business\/nos-produits\/gpec-galerie\/&#8221; button_text=&#8221;Aper\u00e7u de l&#8217;application GPEC 360\u00b0 : Outils en ligne d\u2019\u00e9valuation 360 degr\u00e9s&#8221; button_alignment=&#8221;center&#8221; _builder_version=&#8221;3.16&#8243; button_letter_spacing_hover=&#8221;0&#8243; global_colors_info=&#8221;{}&#8221; button_text_size__hover_enabled=&#8221;off&#8221; button_text_size__hover=&#8221;null&#8221; button_one_text_size__hover_enabled=&#8221;off&#8221; button_one_text_size__hover=&#8221;null&#8221; button_two_text_size__hover_enabled=&#8221;off&#8221; button_two_text_size__hover=&#8221;null&#8221; button_text_color__hover_enabled=&#8221;off&#8221; button_text_color__hover=&#8221;null&#8221; button_one_text_color__hover_enabled=&#8221;off&#8221; button_one_text_color__hover=&#8221;null&#8221; button_two_text_color__hover_enabled=&#8221;off&#8221; button_two_text_color__hover=&#8221;null&#8221; button_border_width__hover_enabled=&#8221;off&#8221; button_border_width__hover=&#8221;null&#8221; button_one_border_width__hover_enabled=&#8221;off&#8221; button_one_border_width__hover=&#8221;null&#8221; button_two_border_width__hover_enabled=&#8221;off&#8221; button_two_border_width__hover=&#8221;null&#8221; button_border_color__hover_enabled=&#8221;off&#8221; button_border_color__hover=&#8221;null&#8221; button_one_border_color__hover_enabled=&#8221;off&#8221; button_one_border_color__hover=&#8221;null&#8221; button_two_border_color__hover_enabled=&#8221;off&#8221; button_two_border_color__hover=&#8221;null&#8221; button_border_radius__hover_enabled=&#8221;off&#8221; button_border_radius__hover=&#8221;null&#8221; button_one_border_radius__hover_enabled=&#8221;off&#8221; button_one_border_radius__hover=&#8221;null&#8221; button_two_border_radius__hover_enabled=&#8221;off&#8221; button_two_border_radius__hover=&#8221;null&#8221; button_letter_spacing__hover_enabled=&#8221;on&#8221; button_letter_spacing__hover=&#8221;0&#8243; button_one_letter_spacing__hover_enabled=&#8221;off&#8221; button_one_letter_spacing__hover=&#8221;null&#8221; button_two_letter_spacing__hover_enabled=&#8221;off&#8221; button_two_letter_spacing__hover=&#8221;null&#8221; button_bg_color__hover_enabled=&#8221;off&#8221; button_bg_color__hover=&#8221;null&#8221; button_one_bg_color__hover_enabled=&#8221;off&#8221; button_one_bg_color__hover=&#8221;null&#8221; button_two_bg_color__hover_enabled=&#8221;off&#8221; button_two_bg_color__hover=&#8221;null&#8221;]<br \/>\n[\/et_pb_button][\/et_pb_column][\/et_pb_row][\/et_pb_section][et_pb_section fb_built=&#8221;1&#8243; _builder_version=&#8221;3.22&#8243; background_color=&#8221;#f1f1f1&#8243; global_colors_info=&#8221;{}&#8221;][et_pb_row _builder_version=&#8221;3.25&#8243; background_size=&#8221;initial&#8221; background_position=&#8221;top_left&#8221; background_repeat=&#8221;repeat&#8221; global_colors_info=&#8221;{}&#8221;][et_pb_column type=&#8221;4_4&#8243; _builder_version=&#8221;3.25&#8243; custom_padding=&#8221;|||&#8221; global_colors_info=&#8221;{}&#8221; custom_padding__hover=&#8221;|||&#8221;][et_pb_divider _builder_version=&#8221;3.19.18&#8243; global_colors_info=&#8221;{}&#8221;][\/et_pb_divider][\/et_pb_column][\/et_pb_row][et_pb_row _builder_version=&#8221;3.25&#8243; background_size=&#8221;initial&#8221; background_position=&#8221;top_left&#8221; background_repeat=&#8221;repeat&#8221; global_colors_info=&#8221;{}&#8221;][et_pb_column type=&#8221;4_4&#8243; _builder_version=&#8221;3.25&#8243; custom_padding=&#8221;|||&#8221; global_colors_info=&#8221;{}&#8221; custom_padding__hover=&#8221;|||&#8221;][et_pb_text _builder_version=&#8221;3.27.4&#8243; global_colors_info=&#8221;{}&#8221;]<\/p>\n<h2>Nos autres outils pour les managers<\/h2>\n<h3>S\u00e9lection d&#8217;outils du management pertinents et efficaces.<\/h3>\n<p>[\/et_pb_text][\/et_pb_column][\/et_pb_row][et_pb_row column_structure=&#8221;1_3,1_3,1_3&#8243; use_custom_gutter=&#8221;on&#8221; make_equal=&#8221;on&#8221; _builder_version=&#8221;4.9.4&#8243; background_size=&#8221;initial&#8221; background_position=&#8221;top_left&#8221; background_repeat=&#8221;repeat&#8221; global_colors_info=&#8221;{}&#8221;][et_pb_column type=&#8221;1_3&#8243; _builder_version=&#8221;3.25&#8243; custom_padding=&#8221;|||&#8221; global_colors_info=&#8221;{}&#8221; custom_padding__hover=&#8221;|||&#8221;][et_pb_cta title=&#8221;TEST MANAGERIAL&#8221; button_url=&#8221;https:\/\/www.effloresens.fr\/business\/nos-produits\/auto-positionnement-managerial\/&#8221; button_text=&#8221;Afficher&#8221; _builder_version=&#8221;4.9.4&#8243; min_height=&#8221;100%&#8221; global_colors_info=&#8221;{}&#8221;]<\/p>\n<p>Outil d&#8217;auto-positionnement pour \u00e9valuer votre potentiel manag\u00e9rial.<\/p>\n<p>[\/et_pb_cta][\/et_pb_column][et_pb_column type=&#8221;1_3&#8243; _builder_version=&#8221;3.25&#8243; custom_padding=&#8221;|||&#8221; global_colors_info=&#8221;{}&#8221; custom_padding__hover=&#8221;|||&#8221;][et_pb_cta title=&#8221;DEPN&#8221; button_url=&#8221;https:\/\/www.effloresens.fr\/business\/nos-produits\/depn\/&#8221; button_text=&#8221;Afficher&#8221; _builder_version=&#8221;4.9.4&#8243; min_height=&#8221;100%&#8221; global_colors_info=&#8221;{}&#8221;]<\/p>\n<p>Outil simple d\u2019auto-diagnostic sur ses pr\u00e9f\u00e9rences d\u2019interaction en fonctionnement d\u2019\u00e9quipe.<\/p>\n<p>[\/et_pb_cta][\/et_pb_column][et_pb_column type=&#8221;1_3&#8243; _builder_version=&#8221;3.25&#8243; custom_padding=&#8221;|||&#8221; global_colors_info=&#8221;{}&#8221; custom_padding__hover=&#8221;|||&#8221;][et_pb_cta title=&#8221;SONCAS&#8221; button_url=&#8221;https:\/\/www.effloresens.fr\/business\/nos-produits\/soncas\/&#8221; button_text=&#8221;Afficher&#8221; _builder_version=&#8221;4.9.4&#8243; min_height=&#8221;100%&#8221; global_colors_info=&#8221;{}&#8221;]<\/p>\n<p>Outil simple d\u2019auto-diagnostic sur ses pr\u00e9f\u00e9rences <em>motivationnel<\/em> de choix de poste.<\/p>\n<p>[\/et_pb_cta][\/et_pb_column][\/et_pb_row][et_pb_row _builder_version=&#8221;3.25&#8243; background_size=&#8221;initial&#8221; background_position=&#8221;top_left&#8221; background_repeat=&#8221;repeat&#8221; global_colors_info=&#8221;{}&#8221;][et_pb_column type=&#8221;4_4&#8243; _builder_version=&#8221;3.25&#8243; custom_padding=&#8221;|||&#8221; global_colors_info=&#8221;{}&#8221; custom_padding__hover=&#8221;|||&#8221;][et_pb_divider _builder_version=&#8221;3.19.18&#8243; global_colors_info=&#8221;{}&#8221;][\/et_pb_divider][\/et_pb_column][\/et_pb_row][\/et_pb_section][et_pb_section fb_built=&#8221;1&#8243; custom_padding_last_edited=&#8221;on|desktop&#8221; _builder_version=&#8221;3.22&#8243; background_image=&#8221;https:\/\/www.effloresens.fr\/business\/wp-content\/uploads\/2016\/05\/Elegant_Background-8.jpg&#8221; custom_padding_tablet=&#8221;50px|0|50px|0&#8243; custom_padding_phone=&#8221;&#8221; transparent_background=&#8221;off&#8221; padding_mobile=&#8221;off&#8221; make_fullwidth=&#8221;off&#8221; use_custom_width=&#8221;off&#8221; width_unit=&#8221;on&#8221; custom_width_px=&#8221;1080px&#8221; custom_width_percent=&#8221;80%&#8221; global_colors_info=&#8221;{}&#8221;][et_pb_row _builder_version=&#8221;3.25&#8243; background_size=&#8221;initial&#8221; background_position=&#8221;top_left&#8221; background_repeat=&#8221;repeat&#8221; make_fullwidth=&#8221;off&#8221; use_custom_width=&#8221;off&#8221; width_unit=&#8221;off&#8221; custom_width_px=&#8221;1080px&#8221; custom_width_percent=&#8221;80%&#8221; global_colors_info=&#8221;{}&#8221;][et_pb_column type=&#8221;4_4&#8243; _builder_version=&#8221;3.25&#8243; custom_padding=&#8221;|||&#8221; global_colors_info=&#8221;{}&#8221; custom_padding__hover=&#8221;|||&#8221;][et_pb_button button_url=&#8221;https:\/\/www.effloresens.fr\/business\/nos-produits\/&#8221; button_text=&#8221;En savoir plus sur nos produits&#8221; button_alignment=&#8221;center&#8221; _builder_version=&#8221;3.16&#8243; button_letter_spacing_hover=&#8221;0&#8243; global_colors_info=&#8221;{}&#8221; button_text_size__hover_enabled=&#8221;off&#8221; button_text_size__hover=&#8221;null&#8221; button_one_text_size__hover_enabled=&#8221;off&#8221; button_one_text_size__hover=&#8221;null&#8221; button_two_text_size__hover_enabled=&#8221;off&#8221; button_two_text_size__hover=&#8221;null&#8221; button_text_color__hover_enabled=&#8221;off&#8221; button_text_color__hover=&#8221;null&#8221; button_one_text_color__hover_enabled=&#8221;off&#8221; button_one_text_color__hover=&#8221;null&#8221; button_two_text_color__hover_enabled=&#8221;off&#8221; button_two_text_color__hover=&#8221;null&#8221; button_border_width__hover_enabled=&#8221;off&#8221; button_border_width__hover=&#8221;null&#8221; button_one_border_width__hover_enabled=&#8221;off&#8221; button_one_border_width__hover=&#8221;null&#8221; button_two_border_width__hover_enabled=&#8221;off&#8221; button_two_border_width__hover=&#8221;null&#8221; button_border_color__hover_enabled=&#8221;off&#8221; button_border_color__hover=&#8221;null&#8221; button_one_border_color__hover_enabled=&#8221;off&#8221; button_one_border_color__hover=&#8221;null&#8221; button_two_border_color__hover_enabled=&#8221;off&#8221; button_two_border_color__hover=&#8221;null&#8221; button_border_radius__hover_enabled=&#8221;off&#8221; button_border_radius__hover=&#8221;null&#8221; button_one_border_radius__hover_enabled=&#8221;off&#8221; button_one_border_radius__hover=&#8221;null&#8221; button_two_border_radius__hover_enabled=&#8221;off&#8221; button_two_border_radius__hover=&#8221;null&#8221; button_letter_spacing__hover_enabled=&#8221;on&#8221; button_letter_spacing__hover=&#8221;0&#8243; button_one_letter_spacing__hover_enabled=&#8221;off&#8221; button_one_letter_spacing__hover=&#8221;null&#8221; button_two_letter_spacing__hover_enabled=&#8221;off&#8221; button_two_letter_spacing__hover=&#8221;null&#8221; button_bg_color__hover_enabled=&#8221;off&#8221; button_bg_color__hover=&#8221;null&#8221; button_one_bg_color__hover_enabled=&#8221;off&#8221; button_one_bg_color__hover=&#8221;null&#8221; button_two_bg_color__hover_enabled=&#8221;off&#8221; button_two_bg_color__hover=&#8221;null&#8221;]<br \/>\n[\/et_pb_button][\/et_pb_column][\/et_pb_row][\/et_pb_section]<\/p>\n","protected":false},"excerpt":{"rendered":"<p>GPEC 360\u00b0 : Outils en ligne d\u2019\u00e9valuation 360 degr\u00e9s Le GPEC 360\u00b0 est une m\u00e9thode con\u00e7ue pour \u00e9valuer les comp\u00e9tences d\u2019un collaborateur ou d&#8217;un groupe de collaborateur. Cette approche multi-vues donne un v\u00e9ritable \u00e9clairage sur les comp\u00e9tences des personnes \u00e9valu\u00e9es et permet de d\u00e9clencher des actions. Notre outil GPEC 360\u00b0 est un outil en ligne [&hellip;]<\/p>\n","protected":false},"author":1,"featured_media":0,"parent":398,"menu_order":1,"comment_status":"closed","ping_status":"closed","template":"","meta":{"_et_pb_use_builder":"on","_et_pb_old_content":"","_et_gb_content_width":"","footnotes":""},"categories":[],"tags":[],"class_list":["post-352","page","type-page","status-publish","hentry"],"_links":{"self":[{"href":"https:\/\/www.effloresens.fr\/business\/wp-json\/wp\/v2\/pages\/352","targetHints":{"allow":["GET"]}}],"collection":[{"href":"https:\/\/www.effloresens.fr\/business\/wp-json\/wp\/v2\/pages"}],"about":[{"href":"https:\/\/www.effloresens.fr\/business\/wp-json\/wp\/v2\/types\/page"}],"author":[{"embeddable":true,"href":"https:\/\/www.effloresens.fr\/business\/wp-json\/wp\/v2\/users\/1"}],"replies":[{"embeddable":true,"href":"https:\/\/www.effloresens.fr\/business\/wp-json\/wp\/v2\/comments?post=352"}],"version-history":[{"count":5,"href":"https:\/\/www.effloresens.fr\/business\/wp-json\/wp\/v2\/pages\/352\/revisions"}],"predecessor-version":[{"id":2214,"href":"https:\/\/www.effloresens.fr\/business\/wp-json\/wp\/v2\/pages\/352\/revisions\/2214"}],"up":[{"embeddable":true,"href":"https:\/\/www.effloresens.fr\/business\/wp-json\/wp\/v2\/pages\/398"}],"wp:attachment":[{"href":"https:\/\/www.effloresens.fr\/business\/wp-json\/wp\/v2\/media?parent=352"}],"wp:term":[{"taxonomy":"category","embeddable":true,"href":"https:\/\/www.effloresens.fr\/business\/wp-json\/wp\/v2\/categories?post=352"},{"taxonomy":"post_tag","embeddable":true,"href":"https:\/\/www.effloresens.fr\/business\/wp-json\/wp\/v2\/tags?post=352"}],"curies":[{"name":"wp","href":"https:\/\/api.w.org\/{rel}","templated":true}]}}