{"id":1266,"date":"2019-03-27T22:42:45","date_gmt":"2019-03-27T21:42:45","guid":{"rendered":"https:\/\/www.effloresens.fr\/business\/?page_id=1266"},"modified":"2020-04-13T22:36:48","modified_gmt":"2020-04-13T21:36:48","slug":"scenario","status":"publish","type":"page","link":"https:\/\/www.effloresens.fr\/business\/catalogue-des-activites\/scenario\/","title":{"rendered":"Sc\u00e9nario"},"content":{"rendered":"<p>[et_pb_section fb_built=&#8221;1&#8243; custom_padding_last_edited=&#8221;on|desktop&#8221; _builder_version=&#8221;3.22&#8243; background_image=&#8221;https:\/\/www.effloresens.fr\/business\/wp-content\/uploads\/Dragonflyinultraslowmotion.jpg&#8221; background_video_mp4=&#8221;https:\/\/www.effloresens.fr\/business\/wp-content\/uploads\/Dragonflyinultraslowmotion.mp4&#8243; background_video_webm=&#8221;https:\/\/www.effloresens.fr\/business\/wp-content\/uploads\/Dragonflyinultraslowmotion.webm&#8221; background_video_width=&#8221;1280&#8243; background_video_height=&#8221;800&#8243; custom_padding_tablet=&#8221;50px|0|50px|0&#8243; custom_padding_phone=&#8221;&#8221; transparent_background=&#8221;off&#8221; padding_mobile=&#8221;off&#8221; make_fullwidth=&#8221;off&#8221; use_custom_width=&#8221;off&#8221; width_unit=&#8221;on&#8221;][et_pb_row padding_mobile=&#8221;off&#8221; column_padding_mobile=&#8221;on&#8221; _builder_version=&#8221;3.25&#8243; background_size=&#8221;initial&#8221; background_position=&#8221;top_left&#8221; background_repeat=&#8221;repeat&#8221; make_fullwidth=&#8221;off&#8221; use_custom_width=&#8221;off&#8221; width_unit=&#8221;off&#8221; custom_width_px=&#8221;1080px&#8221; custom_width_percent=&#8221;80%&#8221;][et_pb_column type=&#8221;4_4&#8243; _builder_version=&#8221;3.25&#8243; custom_padding=&#8221;|||&#8221; custom_padding__hover=&#8221;|||&#8221;][et_pb_text _builder_version=&#8221;3.27.4&#8243; z_index_tablet=&#8221;500&#8243; use_border_color=&#8221;off&#8221; border_color=&#8221;#ffffff&#8221; border_style=&#8221;solid&#8221;]<\/p>\n<h1 style=\"text-align: center;\"><span style=\"color: #ffffff;\">Catalogue des activit\u00e9s : Sc\u00e9nario<\/span><\/h1>\n<p>[\/et_pb_text][\/et_pb_column][\/et_pb_row][\/et_pb_section][et_pb_section fb_built=&#8221;1&#8243; _builder_version=&#8221;3.22&#8243;][et_pb_row _builder_version=&#8221;3.25&#8243; background_size=&#8221;initial&#8221; background_position=&#8221;top_left&#8221; background_repeat=&#8221;repeat&#8221; column_structure=&#8221;2_5,3_5&#8243;][et_pb_column type=&#8221;2_5&#8243; _builder_version=&#8221;3.25&#8243; custom_padding=&#8221;|||&#8221; custom_padding__hover=&#8221;|||&#8221;][et_pb_image src=&#8221;https:\/\/www.effloresens.fr\/business\/wp-content\/uploads\/branching-scenario-icon.png&#8221; align=&#8221;center&#8221; align_tablet=&#8221;center&#8221; align_last_edited=&#8221;on|desktop&#8221; _builder_version=&#8221;3.23&#8243; z_index_tablet=&#8221;500&#8243;][\/et_pb_image][et_pb_text _builder_version=&#8221;3.27.4&#8243; text_orientation=&#8221;center&#8221; z_index_tablet=&#8221;500&#8243;]<\/p>\n<h3>Cr\u00e9er des arbres de choix et un apprentissage \u00e0 votre rythme<\/h3>\n<p>[\/et_pb_text][\/et_pb_column][et_pb_column type=&#8221;3_5&#8243; _builder_version=&#8221;3.25&#8243; custom_padding=&#8221;|||&#8221; custom_padding__hover=&#8221;|||&#8221;][et_pb_text _builder_version=&#8221;3.27.4&#8243; z_index_tablet=&#8221;500&#8243;]<\/p>\n<div class=\"h5p-iframe-wrapper\"><iframe id=\"h5p-iframe-33\" class=\"h5p-iframe\" data-content-id=\"33\" style=\"height:1px\" src=\"about:blank\" frameBorder=\"0\" scrolling=\"no\" title=\"Example content - Arts of Europe\"><\/iframe><\/div>\n<p>[\/et_pb_text][et_pb_divider _builder_version=&#8221;4.4.2&#8243; hover_enabled=&#8221;0&#8243;][\/et_pb_divider][et_pb_text _builder_version=&#8221;4.4.2&#8243; hover_enabled=&#8221;0&#8243; z_index_tablet=&#8221;500&#8243;]<\/p>\n<div class=\"h5p-iframe-wrapper\"><iframe id=\"h5p-iframe-43\" class=\"h5p-iframe\" data-content-id=\"43\" style=\"height:1px\" src=\"about:blank\" frameBorder=\"0\" scrolling=\"no\" title=\"Je souhaite devenir ...\"><\/iframe><\/div>\n<p>[\/et_pb_text][\/et_pb_column][\/et_pb_row][\/et_pb_section][et_pb_section fb_built=&#8221;1&#8243; custom_padding_last_edited=&#8221;on|desktop&#8221; _builder_version=&#8221;3.22&#8243; background_image=&#8221;https:\/\/www.effloresens.fr\/business\/wp-content\/uploads\/2016\/05\/Elegant_Background-8.jpg&#8221; custom_padding_tablet=&#8221;50px|0|50px|0&#8243; custom_padding_phone=&#8221;&#8221; transparent_background=&#8221;off&#8221; padding_mobile=&#8221;off&#8221; make_fullwidth=&#8221;off&#8221; use_custom_width=&#8221;off&#8221; width_unit=&#8221;on&#8221;][et_pb_row padding_mobile=&#8221;off&#8221; column_padding_mobile=&#8221;on&#8221; _builder_version=&#8221;3.25&#8243; background_size=&#8221;initial&#8221; background_position=&#8221;top_left&#8221; background_repeat=&#8221;repeat&#8221; make_fullwidth=&#8221;off&#8221; use_custom_width=&#8221;off&#8221; width_unit=&#8221;off&#8221; custom_width_px=&#8221;1080px&#8221; custom_width_percent=&#8221;80%&#8221;][et_pb_column type=&#8221;4_4&#8243; _builder_version=&#8221;3.25&#8243; custom_padding=&#8221;|||&#8221; custom_padding__hover=&#8221;|||&#8221;][et_pb_button button_url=&#8221;https:\/\/www.effloresens.fr\/business\/catalogue-des-activites\/&#8221; button_text=&#8221;Retour au catalogue des activit\u00e9s&#8221; button_alignment=&#8221;center&#8221; _builder_version=&#8221;3.17.6&#8243; button_letter_spacing_hover=&#8221;0&#8243;][\/et_pb_button][\/et_pb_column][\/et_pb_row][\/et_pb_section]<\/p>\n","protected":false},"excerpt":{"rendered":"<p>Catalogue des activit\u00e9s : Sc\u00e9nario Cr\u00e9er des arbres de choix et un apprentissage \u00e0 votre rythme <div class=\"h5p-iframe-wrapper\"><iframe id=\"h5p-iframe-33\" class=\"h5p-iframe\" data-content-id=\"33\" style=\"height:1px\" src=\"about:blank\" frameBorder=\"0\" scrolling=\"no\" title=\"Example content - Arts of Europe\"><\/iframe><\/div> <div class=\"h5p-iframe-wrapper\"><iframe id=\"h5p-iframe-43\" class=\"h5p-iframe\" data-content-id=\"43\" style=\"height:1px\" src=\"about:blank\" frameBorder=\"0\" scrolling=\"no\" title=\"Je souhaite devenir ...\"><\/iframe><\/div><\/p>\n","protected":false},"author":1,"featured_media":0,"parent":978,"menu_order":0,"comment_status":"closed","ping_status":"closed","template":"","meta":{"_et_pb_use_builder":"on","_et_pb_old_content":"","_et_gb_content_width":"","footnotes":""},"categories":[],"tags":[],"class_list":["post-1266","page","type-page","status-publish","hentry"],"_links":{"self":[{"href":"https:\/\/www.effloresens.fr\/business\/wp-json\/wp\/v2\/pages\/1266","targetHints":{"allow":["GET"]}}],"collection":[{"href":"https:\/\/www.effloresens.fr\/business\/wp-json\/wp\/v2\/pages"}],"about":[{"href":"https:\/\/www.effloresens.fr\/business\/wp-json\/wp\/v2\/types\/page"}],"author":[{"embeddable":true,"href":"https:\/\/www.effloresens.fr\/business\/wp-json\/wp\/v2\/users\/1"}],"replies":[{"embeddable":true,"href":"https:\/\/www.effloresens.fr\/business\/wp-json\/wp\/v2\/comments?post=1266"}],"version-history":[{"count":4,"href":"https:\/\/www.effloresens.fr\/business\/wp-json\/wp\/v2\/pages\/1266\/revisions"}],"predecessor-version":[{"id":1895,"href":"https:\/\/www.effloresens.fr\/business\/wp-json\/wp\/v2\/pages\/1266\/revisions\/1895"}],"up":[{"embeddable":true,"href":"https:\/\/www.effloresens.fr\/business\/wp-json\/wp\/v2\/pages\/978"}],"wp:attachment":[{"href":"https:\/\/www.effloresens.fr\/business\/wp-json\/wp\/v2\/media?parent=1266"}],"wp:term":[{"taxonomy":"category","embeddable":true,"href":"https:\/\/www.effloresens.fr\/business\/wp-json\/wp\/v2\/categories?post=1266"},{"taxonomy":"post_tag","embeddable":true,"href":"https:\/\/www.effloresens.fr\/business\/wp-json\/wp\/v2\/tags?post=1266"}],"curies":[{"name":"wp","href":"https:\/\/api.w.org\/{rel}","templated":true}]}}